{"id":1032,"date":"2022-11-28T14:48:04","date_gmt":"2022-11-28T14:48:04","guid":{"rendered":"https:\/\/aliteo.visi.sk\/?page_id=1032"},"modified":"2023-07-21T15:15:58","modified_gmt":"2023-07-21T15:15:58","slug":"vyvojova-mapa","status":"publish","type":"page","link":"https:\/\/aliteo.visi.sk\/sk\/vyvojova-mapa\/","title":{"rendered":"Novinky vo v\u00fdvoji"},"content":{"rendered":"\n<h2 class=\"wp-block-heading has-text-align-center\">Na \u010do sa m\u00f4\u017eete te\u0161i\u0165 v \u010fal\u0161\u00edch verzi\u00e1ch<\/h2>\n\n\n\n<div style=\"height:100px\" aria-hidden=\"true\" class=\"wp-block-spacer\"><\/div>\n\n\n\n<h2 class=\"wp-block-heading has-text-align-center\">Aktualiz\u00e1cia 23.1<\/h2>\n\n\n\n<div style=\"height:40px\" aria-hidden=\"true\" class=\"wp-block-spacer\"><\/div>\n\n\n\n<div class=\"wp-block-columns is-layout-flex wp-container-core-columns-is-layout-9d6595d7 wp-block-columns-is-layout-flex\">\n<div class=\"wp-block-column is-layout-flow wp-block-column-is-layout-flow\" style=\"flex-basis:100%\">\n<p class=\"has-medium-font-size\"><strong>Zobrazenie cel\u00e9ho n\u00e1zvu Stavu\/Etapy \u00falohy na preh\u013eade<\/strong><\/p>\n\n\n\n<p class=\"has-text-align-left\">S vylep\u0161enou funkcionalitou v n\u00e1stroji ALITEO teraz na preh\u013eade \u00faloh jasne vid\u00edte cel\u00fd n\u00e1zov stavu, v ktorej sa dan\u00e1 \u00faloha nach\u00e1dza. T\u00e1to zmena v\u00e1m umo\u017e\u0148uje r\u00fdchlo a \u013eahko identifikova\u0165 a kategorizova\u0165 \u00falohy pod\u013ea ich pr\u00edslu\u0161n\u00fdch k ich stavom, ako na roz\u0161\u00edrenom tak aj kompaktnom preh\u013eade. U\u017e nemus\u00edte klikn\u00fa\u0165 na ka\u017ed\u00fa \u00falohu jednotlivo, aby ste zistili, v ktorej \u010dasti jej procesn\u00e9ho cyklu sa nach\u00e1dza. T\u00fdmto sa zvy\u0161uje va\u0161a efektivita pri pr\u00e1ci a umo\u017e\u0148uje v\u00e1m s\u00fastredi\u0165 sa na d\u00f4le\u017eit\u00e9 \u00falohy a ich r\u00fdchle vyrie\u0161enie.<\/p>\n\n\n\n<div style=\"height:40px\" aria-hidden=\"true\" class=\"wp-block-spacer\"><\/div>\n<\/div>\n<\/div>\n\n\n\n<figure class=\"wp-block-image size-large\"><img loading=\"lazy\" decoding=\"async\" width=\"1024\" height=\"499\" src=\"https:\/\/aliteo.visi.sk\/wp-content\/uploads\/2023\/07\/Etapy-1024x499.jpg\" alt=\"\" class=\"wp-image-1687\" srcset=\"https:\/\/aliteo.visi.sk\/wp-content\/uploads\/2023\/07\/Etapy-1024x499.jpg 1024w, https:\/\/aliteo.visi.sk\/wp-content\/uploads\/2023\/07\/Etapy-300x146.jpg 300w, https:\/\/aliteo.visi.sk\/wp-content\/uploads\/2023\/07\/Etapy-768x374.jpg 768w, https:\/\/aliteo.visi.sk\/wp-content\/uploads\/2023\/07\/Etapy-1536x748.jpg 1536w, https:\/\/aliteo.visi.sk\/wp-content\/uploads\/2023\/07\/Etapy.jpg 1919w\" sizes=\"auto, (max-width: 1024px) 100vw, 1024px\" \/><\/figure>\n\n\n\n<div style=\"height:100px\" aria-hidden=\"true\" class=\"wp-block-spacer\"><\/div>\n\n\n\n<p class=\"has-medium-font-size\"><strong>\u00dapravy koment\u00e1rov\u00e9ho sukromia<\/strong><\/p>\n\n\n\n<p>Zaviedli sme vylep\u0161enie v r\u00e1mci zmeny s\u00fakromia komnet\u00e1rov s cie\u013eom zlep\u0161i\u0165 sledovate\u013enos\u0165 a transparentnos\u0165 pri zmen\u00e1ch na s\u00fakrom\u00ed koment\u00e1rov v u\u017e be\u017eiacom diskusnom vl\u00e1kne. Pri zmene s\u00fakromia smerom k \"verejn\u00e9mu\" koment\u00e1ru, sa p\u00f4vodn\u00fd koment\u00e1r automaticky archivuje a tla\u010didlo v edita\u010dnom re\u017eime sa zmen\u00ed na \"odosla\u0165 ako nov\u00fd\" s pr\u00edslu\u0161nou \u00farovnou s\u00fakromia. Pri zmene s\u00fakromia smerom k \"s\u00fakromn\u00e9mu\" koment\u00e1ru sa p\u00f4vodn\u00fd koment\u00e1r tie\u017e  archivuje a tla\u010didlo v edita\u010dnom re\u017eime sa zmen\u00ed na \"odosla\u0165 ako nov\u00fd\" s udr\u017eanou \u00farov\u0148ou s\u00fakromia. <\/p>\n\n\n\n<p>Po odoslan\u00ed koment\u00e1ra s nov\u00fdm nastaven\u00edm s\u00fakromia, syst\u00e9m automaticky notifikuje v\u0161etk\u00fdch z\u00fa\u010dastnen\u00fdch str\u00e1n, ktor\u00e9 s\u00fa priraden\u00e9 k dan\u00e9mu koment\u00e1ru alebo maj\u00fa nastaven\u00e9 upozornenia na pr\u00edslu\u0161n\u00fd projekt alebo t\u00e9mu. V pr\u00edpade, ak u\u017e\u00edvate\u013e upravujete text koment\u00e1ra, bez zmeny s\u00fakromia, tla\u010didlo zost\u00e1va s aktu\u00e1lnou funk\u010dnos\u0165ou, ktor\u00e1 umo\u017e\u0148uje odosla\u0165 \u00fapravu. T\u00fdmto zabezpe\u010dujeme jasn\u00e9 a systematick\u00e9 zaznamen\u00e1vanie a informovanie o zmen\u00e1ch, \u010do prispieva k efekt\u00edvnej\u0161ej a bezpe\u010dnej\u0161ej komunik\u00e1cii. <\/p>\n\n\n\n<div style=\"height:40px\" aria-hidden=\"true\" class=\"wp-block-spacer\"><\/div>\n\n\n\n<figure class=\"wp-block-image size-large\"><img loading=\"lazy\" decoding=\"async\" width=\"1024\" height=\"501\" src=\"https:\/\/aliteo.visi.sk\/wp-content\/uploads\/2023\/07\/uprava-komentara-1024x501.jpg\" alt=\"\" class=\"wp-image-1695\" srcset=\"https:\/\/aliteo.visi.sk\/wp-content\/uploads\/2023\/07\/uprava-komentara-1024x501.jpg 1024w, https:\/\/aliteo.visi.sk\/wp-content\/uploads\/2023\/07\/uprava-komentara-300x147.jpg 300w, https:\/\/aliteo.visi.sk\/wp-content\/uploads\/2023\/07\/uprava-komentara-768x375.jpg 768w, https:\/\/aliteo.visi.sk\/wp-content\/uploads\/2023\/07\/uprava-komentara-1536x751.jpg 1536w, https:\/\/aliteo.visi.sk\/wp-content\/uploads\/2023\/07\/uprava-komentara.jpg 1915w\" sizes=\"auto, (max-width: 1024px) 100vw, 1024px\" \/><\/figure>\n\n\n\n<div style=\"height:100px\" aria-hidden=\"true\" class=\"wp-block-spacer\"><\/div>\n\n\n\n<p class=\"has-medium-font-size\"><strong>Revamp vyhlad\u00e1vania v ALITEO<\/strong><\/p>\n\n\n\n<p>S hrdos\u0165ou v\u00e1m predstavujeme nov\u00fd dizajn vyh\u013ead\u00e1vac\u00edch pol\u00ed a full-textu, ktor\u00e9 sme pre v\u00e1s \u00faplne prepracovali. Teraz m\u00f4\u017eete jednoducho a r\u00fdchlo vyh\u013ead\u00e1va\u0165 vo va\u0161\u00edch evidenci\u00e1ch plo\u0161ne alebo vyu\u017ei\u0165 nov\u00fa mo\u017enos\u0165  vyh\u013ead\u00e1vania nad zobrazen\u00fdmi d\u00e1tami. Sta\u010d\u00ed zada\u0165 h\u013eadan\u00fd v\u00fdraz alebo \u010d\u00edslo evidencie a n\u00e1\u0161 vyspel\u00fd vyh\u013ead\u00e1vac\u00ed algoritmus za v\u00e1s n\u00e1jde a zorad\u00ed v\u0161etky relevantn\u00e9 v\u00fdsledky. <\/p>\n\n\n\n<p> S ALITEO u\u017e nemus\u00edte prem\u00fd\u0161\u013ea\u0165, v \u010dom vyh\u013ead\u00e1va\u0165, sta\u010d\u00ed jednoducho zada\u0165 h\u013eadan\u00fd v\u00fdraz a my sa postar\u00e1me o zvy\u0161ok. \u010cas na\u0161ich u\u017e\u00edvate\u013eov je drahocenn\u00fd, a preto sme sa sna\u017eili vyvin\u00fa\u0165 maxim\u00e1lne intuit\u00edvny a efekt\u00edvny vyh\u013ead\u00e1vac\u00ed syst\u00e9m, ktor\u00fd v\u00e1m u\u013eah\u010d\u00ed pr\u00e1cu a zv\u00fd\u0161i produktivitu. S nov\u00fdmi funkciami a zlep\u0161eniami sme tu pre v\u00e1s, aby ste mohli ma\u0165 v\u0161etko pod kontrolou a \u013eah\u0161ie sa s\u00fastredi\u0165 na podstatn\u00e9 veci<\/p>\n\n\n\n<div style=\"height:40px\" aria-hidden=\"true\" class=\"wp-block-spacer\"><\/div>\n\n\n\n<figure class=\"wp-block-gallery has-nested-images columns-default is-cropped wp-block-gallery-1 is-layout-flex wp-block-gallery-is-layout-flex\">\n<figure class=\"wp-block-image size-large\"><img loading=\"lazy\" decoding=\"async\" width=\"1024\" height=\"499\" data-id=\"1704\" src=\"https:\/\/aliteo.visi.sk\/wp-content\/uploads\/2023\/07\/Cierne-3-1024x499.jpg\" alt=\"\" class=\"wp-image-1704\" srcset=\"https:\/\/aliteo.visi.sk\/wp-content\/uploads\/2023\/07\/Cierne-3-1024x499.jpg 1024w, https:\/\/aliteo.visi.sk\/wp-content\/uploads\/2023\/07\/Cierne-3-300x146.jpg 300w, https:\/\/aliteo.visi.sk\/wp-content\/uploads\/2023\/07\/Cierne-3-768x374.jpg 768w, https:\/\/aliteo.visi.sk\/wp-content\/uploads\/2023\/07\/Cierne-3-1536x748.jpg 1536w, https:\/\/aliteo.visi.sk\/wp-content\/uploads\/2023\/07\/Cierne-3.jpg 1920w\" sizes=\"auto, (max-width: 1024px) 100vw, 1024px\" \/><\/figure>\n\n\n\n<figure class=\"wp-block-image size-large\"><img loading=\"lazy\" decoding=\"async\" width=\"1024\" height=\"499\" data-id=\"1707\" src=\"https:\/\/aliteo.visi.sk\/wp-content\/uploads\/2023\/07\/Cierne-vyhladavanie-1024x499.jpg\" alt=\"\" class=\"wp-image-1707\" srcset=\"https:\/\/aliteo.visi.sk\/wp-content\/uploads\/2023\/07\/Cierne-vyhladavanie-1024x499.jpg 1024w, https:\/\/aliteo.visi.sk\/wp-content\/uploads\/2023\/07\/Cierne-vyhladavanie-300x146.jpg 300w, https:\/\/aliteo.visi.sk\/wp-content\/uploads\/2023\/07\/Cierne-vyhladavanie-768x375.jpg 768w, https:\/\/aliteo.visi.sk\/wp-content\/uploads\/2023\/07\/Cierne-vyhladavanie-1536x749.jpg 1536w, https:\/\/aliteo.visi.sk\/wp-content\/uploads\/2023\/07\/Cierne-vyhladavanie.jpg 1919w\" sizes=\"auto, (max-width: 1024px) 100vw, 1024px\" \/><\/figure>\n\n\n\n<figure class=\"wp-block-image size-large\"><img loading=\"lazy\" decoding=\"async\" width=\"1024\" height=\"502\" data-id=\"1714\" src=\"https:\/\/aliteo.visi.sk\/wp-content\/uploads\/2023\/07\/cierne-1024x502.jpg\" alt=\"\" class=\"wp-image-1714\" srcset=\"https:\/\/aliteo.visi.sk\/wp-content\/uploads\/2023\/07\/cierne-1024x502.jpg 1024w, https:\/\/aliteo.visi.sk\/wp-content\/uploads\/2023\/07\/cierne-300x147.jpg 300w, https:\/\/aliteo.visi.sk\/wp-content\/uploads\/2023\/07\/cierne-768x376.jpg 768w, https:\/\/aliteo.visi.sk\/wp-content\/uploads\/2023\/07\/cierne-1536x752.jpg 1536w, https:\/\/aliteo.visi.sk\/wp-content\/uploads\/2023\/07\/cierne.jpg 1917w\" sizes=\"auto, (max-width: 1024px) 100vw, 1024px\" \/><\/figure>\n\n\n\n<figure class=\"wp-block-image size-large\"><img loading=\"lazy\" decoding=\"async\" width=\"1024\" height=\"499\" data-id=\"1710\" src=\"https:\/\/aliteo.visi.sk\/wp-content\/uploads\/2023\/07\/Klientsky-filter-1024x499.jpg\" alt=\"\" class=\"wp-image-1710\" srcset=\"https:\/\/aliteo.visi.sk\/wp-content\/uploads\/2023\/07\/Klientsky-filter-1024x499.jpg 1024w, https:\/\/aliteo.visi.sk\/wp-content\/uploads\/2023\/07\/Klientsky-filter-300x146.jpg 300w, https:\/\/aliteo.visi.sk\/wp-content\/uploads\/2023\/07\/Klientsky-filter-768x374.jpg 768w, https:\/\/aliteo.visi.sk\/wp-content\/uploads\/2023\/07\/Klientsky-filter-1536x748.jpg 1536w, https:\/\/aliteo.visi.sk\/wp-content\/uploads\/2023\/07\/Klientsky-filter.jpg 1919w\" sizes=\"auto, (max-width: 1024px) 100vw, 1024px\" \/><\/figure>\n\n\n\n<figure class=\"wp-block-image size-large\"><img loading=\"lazy\" decoding=\"async\" width=\"1024\" height=\"501\" data-id=\"1713\" src=\"https:\/\/aliteo.visi.sk\/wp-content\/uploads\/2023\/07\/Vyhladavanie-evidencie-1024x501.jpg\" alt=\"\" class=\"wp-image-1713\" srcset=\"https:\/\/aliteo.visi.sk\/wp-content\/uploads\/2023\/07\/Vyhladavanie-evidencie-1024x501.jpg 1024w, https:\/\/aliteo.visi.sk\/wp-content\/uploads\/2023\/07\/Vyhladavanie-evidencie-300x147.jpg 300w, https:\/\/aliteo.visi.sk\/wp-content\/uploads\/2023\/07\/Vyhladavanie-evidencie-768x376.jpg 768w, https:\/\/aliteo.visi.sk\/wp-content\/uploads\/2023\/07\/Vyhladavanie-evidencie-1536x752.jpg 1536w, https:\/\/aliteo.visi.sk\/wp-content\/uploads\/2023\/07\/Vyhladavanie-evidencie.jpg 1917w\" sizes=\"auto, (max-width: 1024px) 100vw, 1024px\" \/><\/figure>\n<\/figure>\n\n\n\n<div style=\"height:100px\" aria-hidden=\"true\" class=\"wp-block-spacer\"><\/div>\n\n\n\n<p class=\"has-medium-font-size\"><br><strong>Zjednotenie funk\u010dnosti ob\u013euben\u00fdch v Projekte\/Time<\/strong><\/p>\n\n\n\n<p>S touto zmenou sme zjednotili funkcie ob\u013e\u00faben\u00fdch prvkov v r\u00e1mci aplik\u00e1cie s Projektami a T\u00edmami. Odteraz si pou\u017e\u00edvatelia m\u00f4\u017eu jednoducho zobrazi\u0165 len svoje ob\u013e\u00faben\u00e9 Projekty a T\u00edmy vo svojich evidenci\u00e1ch, \u010do zna\u010dne zjednodu\u0161uje orient\u00e1ciu a u\u013eah\u010duje pr\u00e1cu s aplik\u00e1ciou.<\/p>\n\n\n\n<div style=\"height:40px\" aria-hidden=\"true\" class=\"wp-block-spacer\"><\/div>\n\n\n\n<figure class=\"wp-block-image size-large\"><img loading=\"lazy\" decoding=\"async\" width=\"1024\" height=\"499\" src=\"https:\/\/aliteo.visi.sk\/wp-content\/uploads\/2023\/07\/Oblubene-1024x499.jpg\" alt=\"\" class=\"wp-image-1721\" srcset=\"https:\/\/aliteo.visi.sk\/wp-content\/uploads\/2023\/07\/Oblubene-1024x499.jpg 1024w, https:\/\/aliteo.visi.sk\/wp-content\/uploads\/2023\/07\/Oblubene-300x146.jpg 300w, https:\/\/aliteo.visi.sk\/wp-content\/uploads\/2023\/07\/Oblubene-768x374.jpg 768w, https:\/\/aliteo.visi.sk\/wp-content\/uploads\/2023\/07\/Oblubene-1536x749.jpg 1536w, https:\/\/aliteo.visi.sk\/wp-content\/uploads\/2023\/07\/Oblubene.jpg 1920w\" sizes=\"auto, (max-width: 1024px) 100vw, 1024px\" \/><\/figure>\n\n\n\n<div style=\"height:100px\" aria-hidden=\"true\" class=\"wp-block-spacer\"><\/div>\n\n\n\n<p class=\"has-medium-font-size\"><strong>Konfigur\u00e1tor zobrazenia \u00faloh a posledn\u00fd koment\u00e1r na \u00falohe<\/strong><\/p>\n\n\n\n<p>S na\u0161ou najnov\u0161ou funkcionalitou m\u00e1te mo\u017enos\u0165 prisp\u00f4sobi\u0165 si zobrazenie \u00faloh pod\u013ea va\u0161ich preferenci\u00ed. \u010ci u\u017e uprednost\u0148ujete kompaktn\u00fd alebo \u0161tandardn\u00fd re\u017eim, teraz si m\u00f4\u017eete vytvori\u0165 presne tak\u00e9 nastavenie, ak\u00e9 v\u00e1m pri poh\u013eade na \u00falohy najviac vyhovuje. <\/p>\n\n\n\n<p>S na\u0161\u00edm intuit\u00edvnym drag-and-drop konfigura\u010dn\u00fdm rozhran\u00edm m\u00f4\u017eete jednoducho pres\u00fava\u0165, skr\u00fdva\u0165 a usporad\u00fava\u0165 v\u0161etky objekty, aby ste si upriamili pozornos\u0165 na tie najd\u00f4le\u017eitej\u0161ie inform\u00e1cie. S nov\u00fdmi mo\u017enos\u0165ami zobrazenia budete ma\u0165 v\u0161etky d\u00f4le\u017eit\u00e9 \u00fadaje o \u00faloh\u00e1ch preh\u013eadne na jednom mieste.  V\u0161etky tieto mo\u017enosti sme v\u00e1m spr\u00edstupnili  v nastaveniach v\u00e1\u0161ho \u00fa\u010dtu. Pre \u010dasto sa opakuj\u00facu po\u017eiadavku sme z\u00e1rove\u0148 doplnili mo\u017enos\u0165 zobrazi\u0165 si na preh\u013eade \u010fal\u0161\u00ed \u00fadaj a to inform\u00e1ciu o d\u00e1tume, \u010dase a osobe, ktor\u00e1 naposledy komentovala \u00falohu, aby ste mali v\u017edy kompletn\u00fd preh\u013ead o jej priebehu.<\/p>\n\n\n\n<div style=\"height:40px\" aria-hidden=\"true\" class=\"wp-block-spacer\"><\/div>\n\n\n\n<figure class=\"wp-block-gallery has-nested-images columns-default is-cropped wp-block-gallery-2 is-layout-flex wp-block-gallery-is-layout-flex\">\n<figure class=\"wp-block-image size-large\"><img loading=\"lazy\" decoding=\"async\" width=\"1024\" height=\"502\" data-id=\"1733\" src=\"https:\/\/aliteo.visi.sk\/wp-content\/uploads\/2023\/07\/Nastavenia-rezimov-1024x502.jpg\" alt=\"\" class=\"wp-image-1733\" srcset=\"https:\/\/aliteo.visi.sk\/wp-content\/uploads\/2023\/07\/Nastavenia-rezimov-1024x502.jpg 1024w, https:\/\/aliteo.visi.sk\/wp-content\/uploads\/2023\/07\/Nastavenia-rezimov-300x147.jpg 300w, https:\/\/aliteo.visi.sk\/wp-content\/uploads\/2023\/07\/Nastavenia-rezimov-768x376.jpg 768w, https:\/\/aliteo.visi.sk\/wp-content\/uploads\/2023\/07\/Nastavenia-rezimov-1536x752.jpg 1536w, https:\/\/aliteo.visi.sk\/wp-content\/uploads\/2023\/07\/Nastavenia-rezimov.jpg 1915w\" sizes=\"auto, (max-width: 1024px) 100vw, 1024px\" \/><\/figure>\n\n\n\n<figure class=\"wp-block-image size-large\"><img loading=\"lazy\" decoding=\"async\" width=\"1024\" height=\"501\" data-id=\"1739\" src=\"https:\/\/aliteo.visi.sk\/wp-content\/uploads\/2023\/07\/Nastavenia-rezimov3-1024x501.jpg\" alt=\"\" class=\"wp-image-1739\" srcset=\"https:\/\/aliteo.visi.sk\/wp-content\/uploads\/2023\/07\/Nastavenia-rezimov3-1024x501.jpg 1024w, https:\/\/aliteo.visi.sk\/wp-content\/uploads\/2023\/07\/Nastavenia-rezimov3-300x147.jpg 300w, https:\/\/aliteo.visi.sk\/wp-content\/uploads\/2023\/07\/Nastavenia-rezimov3-768x375.jpg 768w, https:\/\/aliteo.visi.sk\/wp-content\/uploads\/2023\/07\/Nastavenia-rezimov3-1536x751.jpg 1536w, https:\/\/aliteo.visi.sk\/wp-content\/uploads\/2023\/07\/Nastavenia-rezimov3.jpg 1919w\" sizes=\"auto, (max-width: 1024px) 100vw, 1024px\" \/><\/figure>\n\n\n\n<figure class=\"wp-block-image size-large\"><img loading=\"lazy\" decoding=\"async\" width=\"1024\" height=\"499\" data-id=\"1736\" src=\"https:\/\/aliteo.visi.sk\/wp-content\/uploads\/2023\/07\/nastavenie-rezimov-1024x499.jpg\" alt=\"\" class=\"wp-image-1736\" srcset=\"https:\/\/aliteo.visi.sk\/wp-content\/uploads\/2023\/07\/nastavenie-rezimov-1024x499.jpg 1024w, https:\/\/aliteo.visi.sk\/wp-content\/uploads\/2023\/07\/nastavenie-rezimov-300x146.jpg 300w, https:\/\/aliteo.visi.sk\/wp-content\/uploads\/2023\/07\/nastavenie-rezimov-768x374.jpg 768w, https:\/\/aliteo.visi.sk\/wp-content\/uploads\/2023\/07\/nastavenie-rezimov-1536x748.jpg 1536w, https:\/\/aliteo.visi.sk\/wp-content\/uploads\/2023\/07\/nastavenie-rezimov.jpg 1915w\" sizes=\"auto, (max-width: 1024px) 100vw, 1024px\" \/><\/figure>\n<\/figure>\n","protected":false},"excerpt":{"rendered":"<p>Na \u010do sa m\u00f4\u017eete te\u0161i\u0165 v \u010fal\u0161\u00edch verzi\u00e1ch Aktualiz\u00e1cia 23.1 Zobrazenie cel\u00e9ho n\u00e1zvu Stavu\/Etapy \u00falohy na preh\u013eade S vylep\u0161enou funkcionalitou v n\u00e1stroji ALITEO teraz na [&hellip;]<\/p>\n","protected":false},"author":2,"featured_media":581,"parent":0,"menu_order":0,"comment_status":"closed","ping_status":"closed","template":"","meta":{"inline_featured_image":false,"footnotes":""},"class_list":["post-1032","page","type-page","status-publish","has-post-thumbnail","hentry"],"acf":[],"yoast_head":"<!-- This site is optimized with the Yoast SEO plugin v21.2 - https:\/\/yoast.com\/wordpress\/plugins\/seo\/ -->\n<title>Novinky vo v\u00fdvoji - ALITEO<\/title>\n<meta name=\"robots\" content=\"noindex, follow, max-snippet:-1, max-image-preview:large, max-video-preview:-1\" \/>\n<meta property=\"og:locale\" content=\"sk_SK\" \/>\n<meta property=\"og:type\" content=\"article\" \/>\n<meta property=\"og:title\" content=\"Novinky vo v\u00fdvoji - ALITEO\" \/>\n<meta property=\"og:description\" content=\"Na \u010do sa m\u00f4\u017eete te\u0161i\u0165 v \u010fal\u0161\u00edch verzi\u00e1ch Aktualiz\u00e1cia 23.1 Zobrazenie cel\u00e9ho n\u00e1zvu Stavu\/Etapy \u00falohy na preh\u013eade S vylep\u0161enou funkcionalitou v n\u00e1stroji ALITEO teraz na [&hellip;]\" \/>\n<meta property=\"og:url\" content=\"https:\/\/aliteo.visi.sk\/sk\/vyvojova-mapa\/\" \/>\n<meta property=\"og:site_name\" content=\"ALITEO\" \/>\n<meta property=\"article:modified_time\" content=\"2023-07-21T15:15:58+00:00\" \/>\n<meta property=\"og:image\" content=\"http:\/\/aliteo.visi.sk\/wp-content\/uploads\/2022\/09\/Rectangle-260.jpg\" \/>\n\t<meta property=\"og:image:width\" content=\"240\" \/>\n\t<meta property=\"og:image:height\" content=\"160\" \/>\n\t<meta property=\"og:image:type\" content=\"image\/jpeg\" \/>\n<meta name=\"twitter:card\" content=\"summary_large_image\" \/>\n<meta name=\"twitter:label1\" content=\"Predpokladan\u00fd \u010das \u010d\u00edtania\" \/>\n\t<meta name=\"twitter:data1\" content=\"6 min\u00fat\" \/>\n<script type=\"application\/ld+json\" class=\"yoast-schema-graph\">{\"@context\":\"https:\/\/schema.org\",\"@graph\":[{\"@type\":\"WebPage\",\"@id\":\"https:\/\/aliteo.visi.sk\/sk\/vyvojova-mapa\/\",\"url\":\"https:\/\/aliteo.visi.sk\/sk\/vyvojova-mapa\/\",\"name\":\"Novinky vo v\u00fdvoji - ALITEO\",\"isPartOf\":{\"@id\":\"https:\/\/aliteo.visi.sk\/#website\"},\"datePublished\":\"2022-11-28T14:48:04+00:00\",\"dateModified\":\"2023-07-21T15:15:58+00:00\",\"breadcrumb\":{\"@id\":\"https:\/\/aliteo.visi.sk\/sk\/vyvojova-mapa\/#breadcrumb\"},\"inLanguage\":\"sk-SK\",\"potentialAction\":[{\"@type\":\"ReadAction\",\"target\":[\"https:\/\/aliteo.visi.sk\/sk\/vyvojova-mapa\/\"]}]},{\"@type\":\"BreadcrumbList\",\"@id\":\"https:\/\/aliteo.visi.sk\/sk\/vyvojova-mapa\/#breadcrumb\",\"itemListElement\":[{\"@type\":\"ListItem\",\"position\":1,\"name\":\"Home\",\"item\":\"https:\/\/aliteo.visi.sk\/sk\/\"},{\"@type\":\"ListItem\",\"position\":2,\"name\":\"Novinky vo v\u00fdvoji\"}]},{\"@type\":\"WebSite\",\"@id\":\"https:\/\/aliteo.visi.sk\/#website\",\"url\":\"https:\/\/aliteo.visi.sk\/\",\"name\":\"ALITEO\",\"description\":\"Just another WordPress site\",\"potentialAction\":[{\"@type\":\"SearchAction\",\"target\":{\"@type\":\"EntryPoint\",\"urlTemplate\":\"https:\/\/aliteo.visi.sk\/?s={search_term_string}\"},\"query-input\":\"required name=search_term_string\"}],\"inLanguage\":\"sk-SK\"}]}<\/script>\n<!-- \/ Yoast SEO plugin. -->","yoast_head_json":{"title":"Novinky vo v\u00fdvoji - ALITEO","robots":{"index":"noindex","follow":"follow","max-snippet":"max-snippet:-1","max-image-preview":"max-image-preview:large","max-video-preview":"max-video-preview:-1"},"og_locale":"sk_SK","og_type":"article","og_title":"Novinky vo v\u00fdvoji - ALITEO","og_description":"Na \u010do sa m\u00f4\u017eete te\u0161i\u0165 v \u010fal\u0161\u00edch verzi\u00e1ch Aktualiz\u00e1cia 23.1 Zobrazenie cel\u00e9ho n\u00e1zvu Stavu\/Etapy \u00falohy na preh\u013eade S vylep\u0161enou funkcionalitou v n\u00e1stroji ALITEO teraz na [&hellip;]","og_url":"https:\/\/aliteo.visi.sk\/sk\/vyvojova-mapa\/","og_site_name":"ALITEO","article_modified_time":"2023-07-21T15:15:58+00:00","og_image":[{"width":240,"height":160,"url":"http:\/\/aliteo.visi.sk\/wp-content\/uploads\/2022\/09\/Rectangle-260.jpg","type":"image\/jpeg"}],"twitter_card":"summary_large_image","twitter_misc":{"Predpokladan\u00fd \u010das \u010d\u00edtania":"6 min\u00fat"},"schema":{"@context":"https:\/\/schema.org","@graph":[{"@type":"WebPage","@id":"https:\/\/aliteo.visi.sk\/sk\/vyvojova-mapa\/","url":"https:\/\/aliteo.visi.sk\/sk\/vyvojova-mapa\/","name":"Novinky vo v\u00fdvoji - ALITEO","isPartOf":{"@id":"https:\/\/aliteo.visi.sk\/#website"},"datePublished":"2022-11-28T14:48:04+00:00","dateModified":"2023-07-21T15:15:58+00:00","breadcrumb":{"@id":"https:\/\/aliteo.visi.sk\/sk\/vyvojova-mapa\/#breadcrumb"},"inLanguage":"sk-SK","potentialAction":[{"@type":"ReadAction","target":["https:\/\/aliteo.visi.sk\/sk\/vyvojova-mapa\/"]}]},{"@type":"BreadcrumbList","@id":"https:\/\/aliteo.visi.sk\/sk\/vyvojova-mapa\/#breadcrumb","itemListElement":[{"@type":"ListItem","position":1,"name":"Home","item":"https:\/\/aliteo.visi.sk\/sk\/"},{"@type":"ListItem","position":2,"name":"Novinky vo v\u00fdvoji"}]},{"@type":"WebSite","@id":"https:\/\/aliteo.visi.sk\/#website","url":"https:\/\/aliteo.visi.sk\/","name":"ALITEO","description":"Just another WordPress site","potentialAction":[{"@type":"SearchAction","target":{"@type":"EntryPoint","urlTemplate":"https:\/\/aliteo.visi.sk\/?s={search_term_string}"},"query-input":"required name=search_term_string"}],"inLanguage":"sk-SK"}]}},"_links":{"self":[{"href":"https:\/\/aliteo.visi.sk\/sk\/wp-json\/wp\/v2\/pages\/1032","targetHints":{"allow":["GET"]}}],"collection":[{"href":"https:\/\/aliteo.visi.sk\/sk\/wp-json\/wp\/v2\/pages"}],"about":[{"href":"https:\/\/aliteo.visi.sk\/sk\/wp-json\/wp\/v2\/types\/page"}],"author":[{"embeddable":true,"href":"https:\/\/aliteo.visi.sk\/sk\/wp-json\/wp\/v2\/users\/2"}],"replies":[{"embeddable":true,"href":"https:\/\/aliteo.visi.sk\/sk\/wp-json\/wp\/v2\/comments?post=1032"}],"version-history":[{"count":0,"href":"https:\/\/aliteo.visi.sk\/sk\/wp-json\/wp\/v2\/pages\/1032\/revisions"}],"wp:featuredmedia":[{"embeddable":true,"href":"https:\/\/aliteo.visi.sk\/sk\/wp-json\/wp\/v2\/media\/581"}],"wp:attachment":[{"href":"https:\/\/aliteo.visi.sk\/sk\/wp-json\/wp\/v2\/media?parent=1032"}],"curies":[{"name":"wp","href":"https:\/\/api.w.org\/{rel}","templated":true}]}}